{"id":147,"date":"2019-10-10T17:44:29","date_gmt":"2019-10-10T15:44:29","guid":{"rendered":"http:\/\/nepalfisk.dk\/rejse2020\/?page_id=147"},"modified":"2019-11-19T04:02:35","modified_gmt":"2019-11-19T02:02:35","slug":"vaccinationer","status":"publish","type":"page","link":"https:\/\/nepalfisk.dk\/rejse2020\/?page_id=147","title":{"rendered":"Vaccinationer"},"content":{"rendered":"\n<p>Tag et kig p\u00e5  <a href=\"https:\/\/sikkervaccination.dk\/anbefalinger\/nepal\/\">https:\/\/sikkervaccination.dk\/anbefalinger\/nepal\/<\/a> eller  <a href=\"https:\/\/rejse.ssi.dk\/rejsevaccinationslande\/n\/nepal#!\/4week\">https:\/\/rejse.ssi.dk\/rejsevaccinationslande\/n\/nepal#!\/4week<\/a>  <\/p>\n\n\n\n<p>For kort-tids bes\u00f8g &#8211; som jeres &#8211; til Nepal, SKAL i MINDST have f\u00f8lgende opdaterede vaccinationer:<\/p>\n\n\n\n<p>Difteri &amp; Stivkrampe, Hepatitis A og Tyfus. <\/p>\n\n\n\n<ul class=\"wp-block-list\"><li>Difteri og Stivkrampe: Er man vaccineret imod som barn, men man skal have den fornyet hver 10 \u00e5r med en &#8220;<a href=\"https:\/\/www.ssi.dk\/vaccinationer\/vaccineleksikon\/d\/difteri-tetanusvaccine\">booster<\/a>&#8221; vaccine.  <\/li><li>Hepatitis A (<a href=\"https:\/\/www.ssi.dk\/vaccinationer\/vaccineleksikon\/h\/hepatitis-a-vaccine-havrix\">Havrix vaccine<\/a>): En enkelt dosis d\u00e6kker i minimum 1 \u00e5r. Hvis man f\u00e5r en dosis mere &#8211; 1\/2 \u00e5r efter f\u00f8rste &#8211; er man d\u00e6kket i 40 \u00e5r. Vaccinationen kan gives p\u00e5 afrejsedagen. <\/li><li>Tyfus: 3 <a href=\"https:\/\/www.ssi.dk\/vaccinationer\/vaccineleksikon\/t\/tyfusvaccine-kapsler\">vivotif <\/a>tabletter taget over 5 dage. D\u00e6kker fra 10 dage efter sidste tablet og 3 \u00e5r frem. <\/li><\/ul>\n\n\n\n<p>Som det ses ovenfor kan man f\u00e5 disse vacciner op til kort tid (10 dage) f\u00f8r afrejse, og det er en god ide hvis man vil undg\u00e5 bivirkningerne p\u00e5 turen. <\/p>\n\n\n\n<p>Har man ikke haft m\u00e6slinger \/ f\u00e5resyge eller R\u00f8de hunde som barn, kan man overveje at f\u00e5 en MFR vaccination hos l\u00e6gen. Den er gratis, hvis man ikke har haft m\u00e6slinger. <\/p>\n\n\n\n<p>V\u00e6r opm\u00e6rksom p\u00e5 at komme igang i god tid, -afh\u00e6ngig af hvordan man er vaccineret tidligere, kan det tage et stykke tid fra f\u00f8rste vaccination og indtil  vaccinationen er komplet. <\/p>\n\n\n\n<p>Malaria, -langt de fleste anbefaler ikke malaria medicin som malaria-pr\u00e6vention i Nepal. Malaria medicin kan have nogle alvorlige bivirkninger. Vi har derfor aldrig taget malaria medicin i Nepal, og har f\u00e5et en &#8220;million&#8221; myggestik, uden at blive syge af det. Tag myggespray med i stedet for, -for myggestik er bare irriterende uanset om man bliver syg eller ej &#8211; og der er en del myg p\u00e5 lavlandet som i skal bes\u00f8ge. <\/p>\n\n\n\n<p>Der er mange andre sygdomme som man kan f\u00e5 under rejsen, men risikoen er lille. Man skal dog i Nepal afholde sig fra n\u00e6rkontakt med hunde og aber da de i sj\u00e6ldne tilf\u00e6lde kan b\u00e6re p\u00e5 rabies.   <\/p>\n\n\n\n<p>Hvis i kan f\u00e5 jeres l\u00e6ge til at udstede en recept p\u00e5 3 Vivotif tabletter (Tyfus vaccine), s\u00e5 kan de k\u00f8bes noget billigere p\u00e5 apoteket end hvis man g\u00e5r til et vaccinations firma. <a href=\"https:\/\/www.apoteket.dk\/medicin\/laegemidler\/vivotif\">https:\/\/www.apoteket.dk\/medicin\/laegemidler\/vivotif<\/a><\/p>\n\n\n\n<p>Rejsen er jo i forvejen dyr, og vil i spare lidt p\u00e5 vaccination, kan jeg arrangere at en <a href=\"http:\/\/www.clinicone.com.np\/get-vaccines-in-kathmandu-nepal\/\">sundheds-klinik<\/a> kommer og vaccinerer jer p\u00e5 hotellet i Kathmandu den f\u00f8rste aften, for Difteri+Stivkrampe (100 kr) og Hepatitis A (200 kr). Man kan s\u00e5 dog godt komme til at d\u00f8je med bivirkninger i dagene efter. I kan l\u00e6se om bivirkningerne p\u00e5 link&#8217;s \u00f8verst.  Lillian og jeg blev selv vaccineret for Hepatitis B, Rabies og Japansk Hjernehinde bet\u00e6ndelse af samme firma, og vi m\u00e6rkede ingen bivirkninger overhovedet, bortset fra lidt \u00f8mhed dagen efter omkring stikket. Men nogle f\u00e5r jo bivirkninger, s\u00e5 I m\u00e5 lige selv vurdere om I vil l\u00f8be den risiko. I forhold til DK sparer man ca. 650 kroner per person, inkl. konsultations gebyret.  Hvis i \u00f8nsker vaccinationer i Nepal, skal vi vide det ca. en uge f\u00f8r afgang.  Husk stadig at tage Tyfus pillerne derhjemme med start senest 14 dage f\u00f8r afgang. <\/p>\n\n\n\n<p><\/p>\n\n\n<p><!--EndFragment--><\/p>\n<p><!--EndFragment--><\/p>","protected":false},"excerpt":{"rendered":"<p>Tag et kig p\u00e5 https:\/\/sikkervaccination.dk\/anbefalinger\/nepal\/ eller https:\/\/rejse.ssi.dk\/rejsevaccinationslande\/n\/nepal#!\/4week For kort-tids bes\u00f8g &#8211; som jeres &#8211; til Nepal, SKAL i MINDST have f\u00f8lgende opdaterede vaccinationer: Difteri &amp; Stivkrampe, Hepatitis A og Tyfus. Difteri og Stivkrampe: Er man vaccineret imod som barn, men man skal have den fornyet hver 10 \u00e5r med en &#8220;booster&#8221; vaccine. Hepatitis A (Havrix [&hellip;]<\/p>\n","protected":false},"author":1,"featured_media":0,"parent":0,"menu_order":0,"comment_status":"open","ping_status":"closed","template":"","meta":{"footnotes":""},"class_list":["post-147","page","type-page","status-publish","hentry"],"_links":{"self":[{"href":"https:\/\/nepalfisk.dk\/rejse2020\/index.php?rest_route=\/wp\/v2\/pages\/147"}],"collection":[{"href":"https:\/\/nepalfisk.dk\/rejse2020\/index.php?rest_route=\/wp\/v2\/pages"}],"about":[{"href":"https:\/\/nepalfisk.dk\/rejse2020\/index.php?rest_route=\/wp\/v2\/types\/page"}],"author":[{"embeddable":true,"href":"https:\/\/nepalfisk.dk\/rejse2020\/index.php?rest_route=\/wp\/v2\/users\/1"}],"replies":[{"embeddable":true,"href":"https:\/\/nepalfisk.dk\/rejse2020\/index.php?rest_route=%2Fwp%2Fv2%2Fcomments&post=147"}],"version-history":[{"count":14,"href":"https:\/\/nepalfisk.dk\/rejse2020\/index.php?rest_route=\/wp\/v2\/pages\/147\/revisions"}],"predecessor-version":[{"id":502,"href":"https:\/\/nepalfisk.dk\/rejse2020\/index.php?rest_route=\/wp\/v2\/pages\/147\/revisions\/502"}],"wp:attachment":[{"href":"https:\/\/nepalfisk.dk\/rejse2020\/index.php?rest_route=%2Fwp%2Fv2%2Fmedia&parent=147"}],"curies":[{"name":"wp","href":"https:\/\/api.w.org\/{rel}","templated":true}]}}